{"id":3540,"date":"2021-05-08T11:54:35","date_gmt":"2021-05-08T09:54:35","guid":{"rendered":"https:\/\/www.limes-schlosskliniken.de\/datenschutz-2\/"},"modified":"2026-04-10T13:29:11","modified_gmt":"2026-04-10T11:29:11","slug":"privacy","status":"publish","type":"page","link":"https:\/\/www.limes-schlosskliniken.de\/en\/privacy\/","title":{"rendered":"Privacy Policy"},"content":{"rendered":"\r\n<h2 class=\"wp-block-heading\">Who we are<\/h2>\r\n\r\n\r\n\r\n<p><strong class=\"privacy-policy-tutorial\">Textvorschlag: <\/strong>Die Adresse unserer Website ist: http:\/\/192.168.201.160:9004\/limes-schlosskliniken_rostocker-land_v3\/htdocs\/web.<\/p>\r\n\r\n\r\n\r\n<h2 class=\"wp-block-heading\">Kommentare<\/h2>\r\n\r\n\r\n\r\n<p><strong class=\"privacy-policy-tutorial\">Textvorschlag: <\/strong>Wenn Besucher Kommentare auf der Website schreiben, sammeln wir die Daten, die im Kommentar-Formular angezeigt werden, au\u00dferdem die IP-Adresse des Besuchers und den User-Agent-String (damit wird der Browser identifiziert), um die Erkennung von Spam zu unterst\u00fctzen.<\/p>\r\n\r\n\r\n\r\n<p>An anonymised string (also called a hash) can be created from your email address and passed to the Gravatar service to check if you are using it. The privacy policy of the Gravatar service can be found here: https:\/\/automattic.com\/privacy\/. After your comment has been approved, your profile picture is publicly visible in the context of your comment.<\/p>\r\n\r\n\r\n\r\n<h2 class=\"wp-block-heading\">Medien<\/h2>\r\n\r\n\r\n\r\n<p><strong class=\"privacy-policy-tutorial\">Textvorschlag: <\/strong>Wenn Sie ein registrierter Benutzer sind und Fotos auf diese Website laden, sollten Sie vermeiden, Fotos mit einem EXIF-GPS-Standort hochzuladen. Besucher dieser Website k\u00f6nnten Fotos, die auf dieser Website gespeichert sind, downloaden und deren Standort-Informationen extrahieren.<\/p>\r\n\r\n\r\n\r\n<h2 class=\"wp-block-heading\">Cookies<\/h2>\r\n\r\n\r\n\r\n<p><strong class=\"privacy-policy-tutorial\">Suggested text: <\/strong>When you write a comment on our website, this may be consent to store your name, email address and website in cookies. This is a convenience feature so that when you write another comment you don&#8217;t have to re-enter all this data. These cookies are stored for one year.<\/p>\r\n\r\n\r\n\r\n<p>If you have an account and you log in to this website, we will set a temporary cookie to determine whether your browser accepts cookies. This cookie does not contain any personal data and is discarded when you close your browser.<\/p>\r\n\r\n\r\n\r\n<p>When you sign up, we will set up some cookies to store your login information and display options. Login cookies expire after two days and display options cookies expire after one year. If you select &#8220;Stay signed in&#8221; when you sign up, your sign-in will be maintained for a fortnight. When you log out of your account, the login cookies are deleted.<\/p>\r\n\r\n\r\n\r\n<p>Wenn Sie einen Artikel bearbeiten oder ver\u00f6ffentlichen, wird ein zus\u00e4tzlicher Cookie in Ihrem Browser gespeichert. Dieser Cookie enth\u00e4lt keine personenbezogenen Daten und verweist nur auf die Beitrags-ID des Artikels, den Sie gerade bearbeitet haben. Der Cookie verf\u00e4llt nach einem Tag.<\/p>\r\n\r\n\r\n\r\n<h2 class=\"wp-block-heading\">Eingebettete Inhalte von anderen Websites<\/h2>\r\n\r\n\r\n\r\n<p><strong class=\"privacy-policy-tutorial\">Textvorschlag: <\/strong>Beitr\u00e4ge auf dieser Website k\u00f6nnen eingebettete Inhalte beinhalten (z.\u00a0B. Videos, Bilder, Beitr\u00e4ge etc.). Eingebettete Inhalte von anderen Websites verhalten sich exakt so, als ob der Besucher die andere Website besucht h\u00e4tte.<\/p>\r\n\r\n\r\n\r\n<p>These websites may collect information about you, use cookies, embed additional third party tracking services and record your interaction with this embedded content, including your interaction with the embedded content if you have an account and are logged into this website.<\/p>\r\n\r\n\r\n\r\n<h2 class=\"wp-block-heading\">Mit wem wir Ihre Daten teilen<\/h2>\r\n\r\n\r\n\r\n<p><strong class=\"privacy-policy-tutorial\">Suggested text: <\/strong>When you request a password reset, your IP address will be included in the reset email.<\/p>\r\n\r\n\r\n\r\n<h2 class=\"wp-block-heading\">Wie lange wir Ihre Daten speichern<\/h2>\r\n\r\n\r\n\r\n<p><strong class=\"privacy-policy-tutorial\">Textvorschlag: <\/strong>Wenn Sie einen Kommentar schreiben, wird dieser inklusive Metadaten zeitlich unbegrenzt gespeichert. Auf diese Art k\u00f6nnen wir Folgekommentare automatisch erkennen und freigeben, anstatt sie in einer Moderations-Warteschlange festzuhalten.<\/p>\r\n\r\n\r\n\r\n<p>F\u00fcr Benutzer, die sich auf unserer Website registrieren, speichern wir zus\u00e4tzlich die pers\u00f6nlichen Informationen, die sie in ihren Benutzerprofilen angeben. Alle Benutzer k\u00f6nnen jederzeit ihre pers\u00f6nlichen Informationen einsehen, ver\u00e4ndern oder l\u00f6schen (der Benutzername kann nicht ver\u00e4ndert werden). Administratoren der Website k\u00f6nnen diese Informationen ebenfalls einsehen und ver\u00e4ndern.<\/p>\r\n\r\n\r\n\r\n<h2 class=\"wp-block-heading\">Welche Rechte Sie an Ihren Daten haben<\/h2>\r\n\r\n\r\n\r\n<p><strong class=\"privacy-policy-tutorial\">Textvorschlag: <\/strong>Wenn Sie ein Konto auf dieser Website besitzen oder Kommentare geschrieben haben, k\u00f6nnen Sie einen Export Ihrer personenbezogenen Daten bei uns anfordern, inklusive aller Daten, die Sie uns mitgeteilt haben. Dar\u00fcber hinaus k\u00f6nnen Sie die L\u00f6schung aller personenbezogenen Daten, die wir von Ihnen gespeichert haben, anfordern. Dies umfasst nicht die Daten, die wir aufgrund administrativer, rechtlicher oder sicherheitsrelevanter Notwendigkeiten aufbewahren m\u00fcssen.<\/p>\r\n\r\n\r\n\r\n<h2 class=\"wp-block-heading\">Wohin wir Ihre Daten senden<\/h2>\r\n\r\n\r\n\r\n<p><strong class=\"privacy-policy-tutorial\">Suggested text: <\/strong>Visitor comments could be examined by an automated service for spam detection.<\/p>\r\n","protected":false},"excerpt":{"rendered":"<p>Who we are Textvorschlag: Die Adresse unserer Website ist: http:\/\/192.168.201.160:9004\/limes-schlosskliniken_rostocker-land_v3\/htdocs\/web. Kommentare Textvorschlag: Wenn Besucher Kommentare auf der Website schreiben, sammeln wir die Daten, die im Kommentar-Formular angezeigt werden, au\u00dferdem die IP-Adresse des Besuchers und den User-Agent-String (damit wird der Browser identifiziert), um die Erkennung von Spam zu unterst\u00fctzen. An anonymised string (also called a hash) [&hellip;]<\/p>\n","protected":false},"author":1,"featured_media":0,"parent":0,"menu_order":0,"comment_status":"closed","ping_status":"open","template":"split.php","meta":{"_acf_changed":false,"footnotes":""},"class_list":["post-3540","page","type-page","status-publish","hentry"],"acf":[],"_links":{"self":[{"href":"https:\/\/www.limes-schlosskliniken.de\/en\/wp-json\/wp\/v2\/pages\/3540","targetHints":{"allow":["GET"]}}],"collection":[{"href":"https:\/\/www.limes-schlosskliniken.de\/en\/wp-json\/wp\/v2\/pages"}],"about":[{"href":"https:\/\/www.limes-schlosskliniken.de\/en\/wp-json\/wp\/v2\/types\/page"}],"author":[{"embeddable":true,"href":"https:\/\/www.limes-schlosskliniken.de\/en\/wp-json\/wp\/v2\/users\/1"}],"replies":[{"embeddable":true,"href":"https:\/\/www.limes-schlosskliniken.de\/en\/wp-json\/wp\/v2\/comments?post=3540"}],"version-history":[{"count":5,"href":"https:\/\/www.limes-schlosskliniken.de\/en\/wp-json\/wp\/v2\/pages\/3540\/revisions"}],"predecessor-version":[{"id":8425,"href":"https:\/\/www.limes-schlosskliniken.de\/en\/wp-json\/wp\/v2\/pages\/3540\/revisions\/8425"}],"wp:attachment":[{"href":"https:\/\/www.limes-schlosskliniken.de\/en\/wp-json\/wp\/v2\/media?parent=3540"}],"curies":[{"name":"wp","href":"https:\/\/api.w.org\/{rel}","templated":true}]}}